{"id":20,"date":"2023-04-13T16:27:10","date_gmt":"2023-04-13T14:27:10","guid":{"rendered":"https:\/\/villac.needemand.com\/lafleur\/wordpress\/?page_id=20"},"modified":"2023-04-25T13:35:49","modified_gmt":"2023-04-25T11:35:49","slug":"beaux-portfolios-pour-des-creatifs-exceptionnels","status":"publish","type":"page","link":"https:\/\/villac.needemand.com\/lafleur\/wordpress\/","title":{"rendered":"Bienvenue sur mon blog consacr\u00e9 \u00e0 la photographie de la nature et des paysages"},"content":{"rendered":"\n<div class=\"wp-block-group alignfull has-background\" style=\"background-color:#e5e9ec\"><div class=\"wp-block-group__inner-container is-layout-flow wp-block-group-is-layout-flow\">\n<div class=\"wp-block-columns is-layout-flex wp-container-core-columns-is-layout-9d6595d7 wp-block-columns-is-layout-flex\">\n<div class=\"wp-block-column is-vertically-aligned-center is-layout-flow wp-block-column-is-layout-flow\">\n<h2 class=\"wp-block-heading\">Qui suis-je ?<\/h2>\n\n\n\n<p>Je m&rsquo;appelle Guillaume, fleuriste passionn\u00e9, amoureux de la <strong style=\"color: red\">nature<\/strong> et de la <strong style=\"color: red\">photographie<\/strong>. J&rsquo;appr\u00e9cie \u00e9norm\u00e9ment les moments pass\u00e9s en ext\u00e9rieur, immortalisant la splendeur du monde v\u00e9g\u00e9tal qui m&rsquo;entoure. En plus de mon m\u00e9tier de fleuriste, j&rsquo;ai cr\u00e9\u00e9 un blog o\u00f9 je partage avec plaisir mes clich\u00e9s de paysages naturels et de ma r\u00e9gion.<\/p>\n\n\n\n<p>Capturer les fleurs dans leur habitat naturel pour en r\u00e9v\u00e9ler la beaut\u00e9 est un de mes objectifs \u00e0 travers mes photos. La diversit\u00e9 de la faune et de la flore m&rsquo;envo\u00fbte, et je m&rsquo;efforce d&rsquo;enrichir mes connaissances sur chaque esp\u00e8ce que j&rsquo;immortalise.<\/p>\n\n\n\n<p>Gr\u00e2ce \u00e0 mon blog, je peux transmettre mon savoir et mes d\u00e9couvertes \u00e0 mes lecteurs. Mon souhait est de leur offrir un aper\u00e7u de la splendeur du monde v\u00e9g\u00e9tal, tout en les sensibilisant \u00e0 la pr\u00e9servation et au respect de notre environnement.<\/p>\n\n\n\n<p>En somme, la <strong style=\"color: red\">nature<\/strong> est ma muse, et ma passion pour la <strong style=\"color: red\">photographie<\/strong> me permet d&rsquo;en saisir toutes les facettes. Je suis heureux de partager cet amour avec les autres \u00e0 travers mon blog, et j&rsquo;esp\u00e8re inciter les gens \u00e0 partir \u00e0 la d\u00e9couverte de la <strong style=\"color: red\">nature<\/strong> qui les entoure.<\/p>\n\n\n\n<p><\/p>\n<\/div>\n\n\n\n<div class=\"wp-block-column is-layout-flow wp-block-column-is-layout-flow\">\n<div style=\"height:48px\" aria-hidden=\"true\" class=\"wp-block-spacer\"><\/div>\n\n\n<div class=\"wp-block-image\">\n<figure class=\"aligncenter size-full\"><img loading=\"lazy\" decoding=\"async\" width=\"640\" height=\"923\" src=\"https:\/\/villac.needemand.com\/lafleur\/wordpress\/wp-content\/uploads\/2023\/04\/champ.jpg\" alt=\"\" class=\"wp-image-41\" srcset=\"https:\/\/villac.needemand.com\/lafleur\/wordpress\/wp-content\/uploads\/2023\/04\/champ.jpg 640w, https:\/\/villac.needemand.com\/lafleur\/wordpress\/wp-content\/uploads\/2023\/04\/champ-208x300.jpg 208w\" sizes=\"auto, (max-width: 640px) 100vw, 640px\" \/><\/figure>\n<\/div><\/div>\n<\/div>\n<\/div><\/div>\n\n\n\n<div class=\"wp-block-group alignfull has-black-background-color has-background\"><div class=\"wp-block-group__inner-container is-layout-flow wp-block-group-is-layout-flow\">\n<h2 class=\"wp-block-heading has-text-align-center has-white-color has-text-color\"><strong>Galerie<\/strong><\/h2>\n\n\n\n<figure class=\"wp-block-gallery aligncenter has-nested-images columns-default is-cropped wp-block-gallery-1 is-layout-flex wp-block-gallery-is-layout-flex\">\n<figure class=\"wp-block-image size-large\"><img decoding=\"async\" data-id=\"28\" src=\"https:\/\/villac.needemand.com\/lafleur\/wordpress\/wp-content\/themes\/inspiro\/assets\/images\/StockSnap_P9QYJ8AAL8.jpg\" alt=\"\" class=\"wp-image-28\"\/><\/figure>\n\n\n\n<figure class=\"wp-block-image size-large\"><img decoding=\"async\" data-id=\"27\" src=\"https:\/\/villac.needemand.com\/lafleur\/wordpress\/wp-content\/themes\/inspiro\/assets\/images\/StockSnap_M6D1GS9PSL.jpg\" alt=\"\" class=\"wp-image-27\"\/><\/figure>\n\n\n\n<figure class=\"wp-block-image size-large\"><img loading=\"lazy\" decoding=\"async\" width=\"640\" height=\"427\" data-id=\"45\" src=\"https:\/\/villac.needemand.com\/lafleur\/wordpress\/wp-content\/uploads\/2023\/04\/field-g8c39e7106_640.jpg\" alt=\"\" class=\"wp-image-45\" srcset=\"https:\/\/villac.needemand.com\/lafleur\/wordpress\/wp-content\/uploads\/2023\/04\/field-g8c39e7106_640.jpg 640w, https:\/\/villac.needemand.com\/lafleur\/wordpress\/wp-content\/uploads\/2023\/04\/field-g8c39e7106_640-300x200.jpg 300w\" sizes=\"auto, (max-width: 640px) 100vw, 640px\" \/><\/figure>\n\n\n\n<figure class=\"wp-block-image size-large\"><img decoding=\"async\" data-id=\"25\" src=\"https:\/\/villac.needemand.com\/lafleur\/wordpress\/wp-content\/themes\/inspiro\/assets\/images\/StockSnap_CXVCF2NNWJ.jpg\" alt=\"\" class=\"wp-image-25\"\/><\/figure>\n\n\n\n<figure class=\"wp-block-image size-large\"><img loading=\"lazy\" decoding=\"async\" width=\"640\" height=\"427\" data-id=\"46\" src=\"https:\/\/villac.needemand.com\/lafleur\/wordpress\/wp-content\/uploads\/2023\/04\/poppy-fields-gad9c4836e_640.jpg\" alt=\"\" class=\"wp-image-46\" srcset=\"https:\/\/villac.needemand.com\/lafleur\/wordpress\/wp-content\/uploads\/2023\/04\/poppy-fields-gad9c4836e_640.jpg 640w, https:\/\/villac.needemand.com\/lafleur\/wordpress\/wp-content\/uploads\/2023\/04\/poppy-fields-gad9c4836e_640-300x200.jpg 300w\" sizes=\"auto, (max-width: 640px) 100vw, 640px\" \/><\/figure>\n\n\n\n<figure class=\"wp-block-image size-large\"><img decoding=\"async\" data-id=\"29\" src=\"https:\/\/villac.needemand.com\/lafleur\/wordpress\/wp-content\/themes\/inspiro\/assets\/images\/StockSnap_PGXCCTCLB5.jpg\" alt=\"\" class=\"wp-image-29\"\/><\/figure>\n<\/figure>\n<\/div><\/div>\n\n\n\n<div class=\"wp-block-group alignfull has-background\" style=\"background-color:#e5e9ec\"><div class=\"wp-block-group__inner-container is-layout-flow wp-block-group-is-layout-flow\">\n<div class=\"wp-block-columns is-layout-flex wp-container-core-columns-is-layout-9d6595d7 wp-block-columns-is-layout-flex\">\n<div class=\"wp-block-column is-vertically-aligned-center is-layout-flow wp-block-column-is-layout-flow\">\n<h2 class=\"wp-block-heading\">Notre boutique de fleuriste<\/h2>\n\n\n\n<p>\u00c0 l\u2019occasion de la f\u00eate des m\u00e8res le dimanche 4 juin 2023, toute personne passant une commande sur le site pourra tenter sa chance et peut-\u00eatre gagner un de nos nombreux lots.<\/p>\n\n\n\n<p>\u00c0 gagner : 5 bouquets de roses, 20 roses rouges, 50 porte-cl\u00e9s, 75 sacs r\u00e9utilisables et 100 stylos.<\/p>\n\n\n\n<div class=\"wp-block-buttons is-horizontal is-content-justification-left is-layout-flex wp-container-core-buttons-is-layout-7e5fce0a wp-block-buttons-is-layout-flex\">\n<div class=\"wp-block-button is-style-outline is-style-outline--2\"><a class=\"wp-block-button__link wp-element-button\" href=\"https:\/\/villac.needemand.com\/site_lafleur\/\" target=\"_blank\" rel=\"noreferrer noopener\">Le site<\/a><\/div>\n<\/div>\n\n\n\n<p><\/p>\n<\/div>\n\n\n\n<div class=\"wp-block-column is-layout-flow wp-block-column-is-layout-flow\">\n<div style=\"height:48px\" aria-hidden=\"true\" class=\"wp-block-spacer\"><\/div>\n\n\n\n<figure class=\"wp-block-image size-full\"><img loading=\"lazy\" decoding=\"async\" width=\"640\" height=\"427\" src=\"https:\/\/villac.needemand.com\/lafleur\/wordpress\/wp-content\/uploads\/2023\/04\/devanture.jpg\" alt=\"\" class=\"wp-image-84\" srcset=\"https:\/\/villac.needemand.com\/lafleur\/wordpress\/wp-content\/uploads\/2023\/04\/devanture.jpg 640w, https:\/\/villac.needemand.com\/lafleur\/wordpress\/wp-content\/uploads\/2023\/04\/devanture-300x200.jpg 300w\" sizes=\"auto, (max-width: 640px) 100vw, 640px\" \/><\/figure>\n<\/div>\n<\/div>\n<\/div><\/div>\n\n\n\n<div class=\"wp-block-cover alignfull has-parallax is-position-center-center\" style=\"min-height:375px;aspect-ratio:unset;\"><span aria-hidden=\"true\" class=\"wp-block-cover__background has-black-background-color has-background-dim-40 has-background-dim\"><\/span><div role=\"img\" class=\"wp-block-cover__image-background wp-image-47 has-parallax\" style=\"background-position:50% 50%;background-image:url(https:\/\/villac.needemand.com\/lafleur\/wordpress\/wp-content\/uploads\/2023\/04\/water-lily-gc4bd3cd1e_640.jpg)\"><\/div><div class=\"wp-block-cover__inner-container is-layout-flow wp-block-cover-is-layout-flow\">\n<p class=\"has-text-align-center has-text-color has-huge-font-size\" style=\"color:#fffffa;line-height:1.1\"><strong>Au service de la <strong style=\"color: red\">nature<\/strong><\/strong><\/p>\n<\/div><\/div>\n","protected":false},"excerpt":{"rendered":"<p>Qui suis-je ? Je m&rsquo;appelle Guillaume, fleuriste passionn\u00e9, amoureux de la nature et de la photographie. J&rsquo;appr\u00e9cie \u00e9norm\u00e9ment les moments pass\u00e9s en ext\u00e9rieur, immortalisant la splendeur du monde v\u00e9g\u00e9tal qui m&rsquo;entoure. En plus de mon m\u00e9tier de fleuriste, j&rsquo;ai cr\u00e9\u00e9 un blog o\u00f9 je partage avec plaisir mes clich\u00e9s de paysages naturels et de ma &hellip; <\/p>\n<p class=\"link-more\"><a href=\"https:\/\/villac.needemand.com\/lafleur\/wordpress\/\" class=\"more-link\">Lire la suite de<span class=\"screen-reader-text\">\u00ab\u00a0Bienvenue sur mon blog consacr\u00e9 \u00e0 la photographie de la nature et des paysages\u00a0\u00bb<\/span><\/a><\/p>\n","protected":false},"author":1,"featured_media":19,"parent":0,"menu_order":0,"comment_status":"closed","ping_status":"closed","template":"","meta":{"footnotes":""},"class_list":["post-20","page","type-page","status-publish","has-post-thumbnail","hentry"],"_links":{"self":[{"href":"https:\/\/villac.needemand.com\/lafleur\/wordpress\/index.php?rest_route=\/wp\/v2\/pages\/20","targetHints":{"allow":["GET"]}}],"collection":[{"href":"https:\/\/villac.needemand.com\/lafleur\/wordpress\/index.php?rest_route=\/wp\/v2\/pages"}],"about":[{"href":"https:\/\/villac.needemand.com\/lafleur\/wordpress\/index.php?rest_route=\/wp\/v2\/types\/page"}],"author":[{"embeddable":true,"href":"https:\/\/villac.needemand.com\/lafleur\/wordpress\/index.php?rest_route=\/wp\/v2\/users\/1"}],"replies":[{"embeddable":true,"href":"https:\/\/villac.needemand.com\/lafleur\/wordpress\/index.php?rest_route=%2Fwp%2Fv2%2Fcomments&post=20"}],"version-history":[{"count":14,"href":"https:\/\/villac.needemand.com\/lafleur\/wordpress\/index.php?rest_route=\/wp\/v2\/pages\/20\/revisions"}],"predecessor-version":[{"id":88,"href":"https:\/\/villac.needemand.com\/lafleur\/wordpress\/index.php?rest_route=\/wp\/v2\/pages\/20\/revisions\/88"}],"wp:featuredmedia":[{"embeddable":true,"href":"https:\/\/villac.needemand.com\/lafleur\/wordpress\/index.php?rest_route=\/wp\/v2\/media\/19"}],"wp:attachment":[{"href":"https:\/\/villac.needemand.com\/lafleur\/wordpress\/index.php?rest_route=%2Fwp%2Fv2%2Fmedia&parent=20"}],"curies":[{"name":"wp","href":"https:\/\/api.w.org\/{rel}","templated":true}]}}